{"id":1050,"date":"2023-03-27T11:37:02","date_gmt":"2023-03-27T11:37:02","guid":{"rendered":"https:\/\/www.przyjemnedlaoka.pl\/?page_id=1050"},"modified":"2023-03-27T11:37:03","modified_gmt":"2023-03-27T11:37:03","slug":"fotografia-bizuterii-5","status":"publish","type":"page","link":"https:\/\/www.przyjemnedlaoka.pl\/index.php\/fotografia-bizuterii-5\/","title":{"rendered":"Filipowicz"},"content":{"rendered":"<div class=\"wp-block-visual-portfolio alignwide\">\n<div class=\"vp-portfolio vp-uid-0cf96000 vp-id-ZksLnq\"\n\tdata-vp-layout=\"masonry\" data-vp-content-source=\"images\" data-vp-items-style=\"default\" data-vp-items-click-action=\"popup_gallery\" data-vp-items-gap=\"15\" data-vp-items-gap-vertical=\"\" data-vp-pagination=\"load-more\" data-vp-next-page-url=\"\" data-vp-masonry-columns=\"3\" >\n\t<div class=\"vp-portfolio__preloader-wrap\">\n\t\t<div class=\"vp-portfolio__preloader\">\n\t\t\t<img decoding=\"async\" loading=\"eager\" src=\"https:\/\/www.przyjemnedlaoka.pl\/wp-content\/plugins\/visual-portfolio\/assets\/images\/logo-dark.svg\" alt=\"Wizualne portfolio, wpisy i galeria obrazk\u00f3w dla WordPressa\" width=\"20\" height=\"20\" data-skip-lazy>\n\t\t<\/div>\n\t<\/div>\n\t\t<div class=\"vp-portfolio__items-wrap\">\n\t\t\t\n<div class=\"vp-portfolio__items vp-portfolio__items-style-default vp-portfolio__items-show-overlay-hover\">\n\n\t\t<div\t\tclass=\"vp-portfolio__item-wrap vp-portfolio__item-uid-b100d3d4\" data-vp-filter=\"\" \t\t>\n\t\t\t<template class=\"vp-portfolio__item-popup\" data-vp-popup-img=\"https:\/\/www.przyjemnedlaoka.pl\/wp-content\/uploads\/2021\/04\/zdjecie-rozaniec-1000x1250.jpg\" data-vp-popup-img-srcset=\"https:\/\/www.przyjemnedlaoka.pl\/wp-content\/uploads\/2021\/04\/zdjecie-rozaniec-1000x1250.jpg 1000w, https:\/\/www.przyjemnedlaoka.pl\/wp-content\/uploads\/2021\/04\/zdjecie-rozaniec-240x300.jpg 240w, https:\/\/www.przyjemnedlaoka.pl\/wp-content\/uploads\/2021\/04\/zdjecie-rozaniec-819x1024.jpg 819w, https:\/\/www.przyjemnedlaoka.pl\/wp-content\/uploads\/2021\/04\/zdjecie-rozaniec-768x960.jpg 768w, https:\/\/www.przyjemnedlaoka.pl\/wp-content\/uploads\/2021\/04\/zdjecie-rozaniec-280x350.jpg 280w, https:\/\/www.przyjemnedlaoka.pl\/wp-content\/uploads\/2021\/04\/zdjecie-rozaniec.jpg 1200w\" data-vp-popup-img-size=\"1000x1250\" data-vp-popup-md-img=\"https:\/\/www.przyjemnedlaoka.pl\/wp-content\/uploads\/2021\/04\/zdjecie-rozaniec-1000x1250.jpg\" data-vp-popup-md-img-size=\"1000x1250\" data-vp-popup-sm-img=\"https:\/\/www.przyjemnedlaoka.pl\/wp-content\/uploads\/2021\/04\/zdjecie-rozaniec-1000x1250.jpg\" data-vp-popup-sm-img-size=\"1000x1250\">\n\t\t\t<h3 class=\"vp-portfolio__item-popup-title\">zdjecie-rozaniec<\/h3>\n\t\t<\/template>\n\t\t\t\t\t\t<figure class=\"vp-portfolio__item\">\n\t\t\t\t\n<div class=\"vp-portfolio__item-img-wrap\">\n\t<div class=\"vp-portfolio__item-img\">\n\t\t\t<a\n\t\thref=\"https:\/\/www.przyjemnedlaoka.pl\/wp-content\/uploads\/2021\/04\/zdjecie-rozaniec-1000x1250.jpg\"\n\t\t\t>\n\t\n\t\t<img loading=\"lazy\" decoding=\"async\" width=\"1000\" height=\"1250\" src=\"https:\/\/www.przyjemnedlaoka.pl\/wp-content\/uploads\/2021\/04\/zdjecie-rozaniec-1000x1250.jpg\" class=\"wp-image-667\" alt=\"\" srcset=\"https:\/\/www.przyjemnedlaoka.pl\/wp-content\/uploads\/2021\/04\/zdjecie-rozaniec-1000x1250.jpg 1000w, https:\/\/www.przyjemnedlaoka.pl\/wp-content\/uploads\/2021\/04\/zdjecie-rozaniec-240x300.jpg 240w, https:\/\/www.przyjemnedlaoka.pl\/wp-content\/uploads\/2021\/04\/zdjecie-rozaniec-819x1024.jpg 819w, https:\/\/www.przyjemnedlaoka.pl\/wp-content\/uploads\/2021\/04\/zdjecie-rozaniec-768x960.jpg 768w, https:\/\/www.przyjemnedlaoka.pl\/wp-content\/uploads\/2021\/04\/zdjecie-rozaniec-280x350.jpg 280w, https:\/\/www.przyjemnedlaoka.pl\/wp-content\/uploads\/2021\/04\/zdjecie-rozaniec.jpg 1200w\" sizes=\"auto, (max-width: 1000px) 100vw, 1000px\" \/>\n\t\t<div class=\"vp-portfolio__item-overlay\">\n\t\t\t\t\t<\/div>\n\n\t\t<\/a>\t<\/div>\n<\/div>\n\n\t\t\t<\/figure>\n\t\t\t\t\t<\/div>\n\t\t\n\t\t<div\t\tclass=\"vp-portfolio__item-wrap vp-portfolio__item-uid-7ebb8427\" data-vp-filter=\"\" \t\t>\n\t\t\t<template class=\"vp-portfolio__item-popup\" data-vp-popup-img=\"https:\/\/www.przyjemnedlaoka.pl\/wp-content\/uploads\/2021\/04\/flat-lay-naszyjniki-1000x800.jpg\" data-vp-popup-img-srcset=\"https:\/\/www.przyjemnedlaoka.pl\/wp-content\/uploads\/2021\/04\/flat-lay-naszyjniki-1000x800.jpg 1000w, https:\/\/www.przyjemnedlaoka.pl\/wp-content\/uploads\/2021\/04\/flat-lay-naszyjniki-300x240.jpg 300w, https:\/\/www.przyjemnedlaoka.pl\/wp-content\/uploads\/2021\/04\/flat-lay-naszyjniki-1024x819.jpg 1024w, https:\/\/www.przyjemnedlaoka.pl\/wp-content\/uploads\/2021\/04\/flat-lay-naszyjniki-768x614.jpg 768w, https:\/\/www.przyjemnedlaoka.pl\/wp-content\/uploads\/2021\/04\/flat-lay-naszyjniki-438x350.jpg 438w, https:\/\/www.przyjemnedlaoka.pl\/wp-content\/uploads\/2021\/04\/flat-lay-naszyjniki.jpg 1500w\" data-vp-popup-img-size=\"1000x800\" data-vp-popup-md-img=\"https:\/\/www.przyjemnedlaoka.pl\/wp-content\/uploads\/2021\/04\/flat-lay-naszyjniki-1000x800.jpg\" data-vp-popup-md-img-size=\"1000x800\" data-vp-popup-sm-img=\"https:\/\/www.przyjemnedlaoka.pl\/wp-content\/uploads\/2021\/04\/flat-lay-naszyjniki-1000x800.jpg\" data-vp-popup-sm-img-size=\"1000x800\">\n\t\t\t<h3 class=\"vp-portfolio__item-popup-title\">flat-lay-naszyjniki<\/h3>\n\t\t<\/template>\n\t\t\t\t\t\t<figure class=\"vp-portfolio__item\">\n\t\t\t\t\n<div class=\"vp-portfolio__item-img-wrap\">\n\t<div class=\"vp-portfolio__item-img\">\n\t\t\t<a\n\t\thref=\"https:\/\/www.przyjemnedlaoka.pl\/wp-content\/uploads\/2021\/04\/flat-lay-naszyjniki-1000x800.jpg\"\n\t\t\t>\n\t\n\t\t<img loading=\"lazy\" decoding=\"async\" width=\"1000\" height=\"800\" src=\"https:\/\/www.przyjemnedlaoka.pl\/wp-content\/uploads\/2021\/04\/flat-lay-naszyjniki-1000x800.jpg\" class=\"wp-image-666\" alt=\"\" srcset=\"https:\/\/www.przyjemnedlaoka.pl\/wp-content\/uploads\/2021\/04\/flat-lay-naszyjniki-1000x800.jpg 1000w, https:\/\/www.przyjemnedlaoka.pl\/wp-content\/uploads\/2021\/04\/flat-lay-naszyjniki-300x240.jpg 300w, https:\/\/www.przyjemnedlaoka.pl\/wp-content\/uploads\/2021\/04\/flat-lay-naszyjniki-1024x819.jpg 1024w, https:\/\/www.przyjemnedlaoka.pl\/wp-content\/uploads\/2021\/04\/flat-lay-naszyjniki-768x614.jpg 768w, https:\/\/www.przyjemnedlaoka.pl\/wp-content\/uploads\/2021\/04\/flat-lay-naszyjniki-438x350.jpg 438w, https:\/\/www.przyjemnedlaoka.pl\/wp-content\/uploads\/2021\/04\/flat-lay-naszyjniki.jpg 1500w\" sizes=\"auto, (max-width: 1000px) 100vw, 1000px\" \/>\n\t\t<div class=\"vp-portfolio__item-overlay\">\n\t\t\t\t\t<\/div>\n\n\t\t<\/a>\t<\/div>\n<\/div>\n\n\t\t\t<\/figure>\n\t\t\t\t\t<\/div>\n\t\t\n\t\t<div\t\tclass=\"vp-portfolio__item-wrap vp-portfolio__item-uid-f5077a73\" data-vp-filter=\"\" \t\t>\n\t\t\t<template class=\"vp-portfolio__item-popup\" data-vp-popup-img=\"https:\/\/www.przyjemnedlaoka.pl\/wp-content\/uploads\/2021\/04\/flat-lay-bizuteria-bez-1000x800.jpg\" data-vp-popup-img-srcset=\"https:\/\/www.przyjemnedlaoka.pl\/wp-content\/uploads\/2021\/04\/flat-lay-bizuteria-bez-1000x800.jpg 1000w, https:\/\/www.przyjemnedlaoka.pl\/wp-content\/uploads\/2021\/04\/flat-lay-bizuteria-bez-300x240.jpg 300w, https:\/\/www.przyjemnedlaoka.pl\/wp-content\/uploads\/2021\/04\/flat-lay-bizuteria-bez-1024x819.jpg 1024w, https:\/\/www.przyjemnedlaoka.pl\/wp-content\/uploads\/2021\/04\/flat-lay-bizuteria-bez-768x614.jpg 768w, https:\/\/www.przyjemnedlaoka.pl\/wp-content\/uploads\/2021\/04\/flat-lay-bizuteria-bez-438x350.jpg 438w, https:\/\/www.przyjemnedlaoka.pl\/wp-content\/uploads\/2021\/04\/flat-lay-bizuteria-bez.jpg 1500w\" data-vp-popup-img-size=\"1000x800\" data-vp-popup-md-img=\"https:\/\/www.przyjemnedlaoka.pl\/wp-content\/uploads\/2021\/04\/flat-lay-bizuteria-bez-1000x800.jpg\" data-vp-popup-md-img-size=\"1000x800\" data-vp-popup-sm-img=\"https:\/\/www.przyjemnedlaoka.pl\/wp-content\/uploads\/2021\/04\/flat-lay-bizuteria-bez-1000x800.jpg\" data-vp-popup-sm-img-size=\"1000x800\">\n\t\t\t<h3 class=\"vp-portfolio__item-popup-title\">flat-lay-bizuteria-bez<\/h3>\n\t\t<\/template>\n\t\t\t\t\t\t<figure class=\"vp-portfolio__item\">\n\t\t\t\t\n<div class=\"vp-portfolio__item-img-wrap\">\n\t<div class=\"vp-portfolio__item-img\">\n\t\t\t<a\n\t\thref=\"https:\/\/www.przyjemnedlaoka.pl\/wp-content\/uploads\/2021\/04\/flat-lay-bizuteria-bez-1000x800.jpg\"\n\t\t\t>\n\t\n\t\t<img loading=\"lazy\" decoding=\"async\" width=\"1000\" height=\"800\" src=\"https:\/\/www.przyjemnedlaoka.pl\/wp-content\/uploads\/2021\/04\/flat-lay-bizuteria-bez-1000x800.jpg\" class=\"wp-image-665\" alt=\"\" srcset=\"https:\/\/www.przyjemnedlaoka.pl\/wp-content\/uploads\/2021\/04\/flat-lay-bizuteria-bez-1000x800.jpg 1000w, https:\/\/www.przyjemnedlaoka.pl\/wp-content\/uploads\/2021\/04\/flat-lay-bizuteria-bez-300x240.jpg 300w, https:\/\/www.przyjemnedlaoka.pl\/wp-content\/uploads\/2021\/04\/flat-lay-bizuteria-bez-1024x819.jpg 1024w, https:\/\/www.przyjemnedlaoka.pl\/wp-content\/uploads\/2021\/04\/flat-lay-bizuteria-bez-768x614.jpg 768w, https:\/\/www.przyjemnedlaoka.pl\/wp-content\/uploads\/2021\/04\/flat-lay-bizuteria-bez-438x350.jpg 438w, https:\/\/www.przyjemnedlaoka.pl\/wp-content\/uploads\/2021\/04\/flat-lay-bizuteria-bez.jpg 1500w\" sizes=\"auto, (max-width: 1000px) 100vw, 1000px\" \/>\n\t\t<div class=\"vp-portfolio__item-overlay\">\n\t\t\t\t\t<\/div>\n\n\t\t<\/a>\t<\/div>\n<\/div>\n\n\t\t\t<\/figure>\n\t\t\t\t\t<\/div>\n\t\t\n\t\t<div\t\tclass=\"vp-portfolio__item-wrap vp-portfolio__item-uid-a4d8b823\" data-vp-filter=\"\" \t\t>\n\t\t\t<template class=\"vp-portfolio__item-popup\" data-vp-popup-img=\"https:\/\/www.przyjemnedlaoka.pl\/wp-content\/uploads\/2021\/04\/pierscionki-flat-lay-1000x800.jpg\" data-vp-popup-img-srcset=\"https:\/\/www.przyjemnedlaoka.pl\/wp-content\/uploads\/2021\/04\/pierscionki-flat-lay-1000x800.jpg 1000w, https:\/\/www.przyjemnedlaoka.pl\/wp-content\/uploads\/2021\/04\/pierscionki-flat-lay-300x240.jpg 300w, https:\/\/www.przyjemnedlaoka.pl\/wp-content\/uploads\/2021\/04\/pierscionki-flat-lay-1024x819.jpg 1024w, https:\/\/www.przyjemnedlaoka.pl\/wp-content\/uploads\/2021\/04\/pierscionki-flat-lay-768x614.jpg 768w, https:\/\/www.przyjemnedlaoka.pl\/wp-content\/uploads\/2021\/04\/pierscionki-flat-lay-438x350.jpg 438w, https:\/\/www.przyjemnedlaoka.pl\/wp-content\/uploads\/2021\/04\/pierscionki-flat-lay.jpg 1500w\" data-vp-popup-img-size=\"1000x800\" data-vp-popup-md-img=\"https:\/\/www.przyjemnedlaoka.pl\/wp-content\/uploads\/2021\/04\/pierscionki-flat-lay-1000x800.jpg\" data-vp-popup-md-img-size=\"1000x800\" data-vp-popup-sm-img=\"https:\/\/www.przyjemnedlaoka.pl\/wp-content\/uploads\/2021\/04\/pierscionki-flat-lay-1000x800.jpg\" data-vp-popup-sm-img-size=\"1000x800\">\n\t\t\t<h3 class=\"vp-portfolio__item-popup-title\">pierscionki-flat-lay<\/h3>\n\t\t<\/template>\n\t\t\t\t\t\t<figure class=\"vp-portfolio__item\">\n\t\t\t\t\n<div class=\"vp-portfolio__item-img-wrap\">\n\t<div class=\"vp-portfolio__item-img\">\n\t\t\t<a\n\t\thref=\"https:\/\/www.przyjemnedlaoka.pl\/wp-content\/uploads\/2021\/04\/pierscionki-flat-lay-1000x800.jpg\"\n\t\t\t>\n\t\n\t\t<img loading=\"lazy\" decoding=\"async\" width=\"1000\" height=\"800\" src=\"https:\/\/www.przyjemnedlaoka.pl\/wp-content\/uploads\/2021\/04\/pierscionki-flat-lay-1000x800.jpg\" class=\"wp-image-663\" alt=\"\" srcset=\"https:\/\/www.przyjemnedlaoka.pl\/wp-content\/uploads\/2021\/04\/pierscionki-flat-lay-1000x800.jpg 1000w, https:\/\/www.przyjemnedlaoka.pl\/wp-content\/uploads\/2021\/04\/pierscionki-flat-lay-300x240.jpg 300w, https:\/\/www.przyjemnedlaoka.pl\/wp-content\/uploads\/2021\/04\/pierscionki-flat-lay-1024x819.jpg 1024w, https:\/\/www.przyjemnedlaoka.pl\/wp-content\/uploads\/2021\/04\/pierscionki-flat-lay-768x614.jpg 768w, https:\/\/www.przyjemnedlaoka.pl\/wp-content\/uploads\/2021\/04\/pierscionki-flat-lay-438x350.jpg 438w, https:\/\/www.przyjemnedlaoka.pl\/wp-content\/uploads\/2021\/04\/pierscionki-flat-lay.jpg 1500w\" sizes=\"auto, (max-width: 1000px) 100vw, 1000px\" \/>\n\t\t<div class=\"vp-portfolio__item-overlay\">\n\t\t\t\t\t<\/div>\n\n\t\t<\/a>\t<\/div>\n<\/div>\n\n\t\t\t<\/figure>\n\t\t\t\t\t<\/div>\n\t\t\n<\/div>\n\t\t<\/div>\n\t\t\n<\/div>\n<\/div>","protected":false},"excerpt":{"rendered":"","protected":false},"author":1,"featured_media":0,"parent":0,"menu_order":0,"comment_status":"closed","ping_status":"closed","template":"","meta":{"_exactmetrics_skip_tracking":false,"_exactmetrics_sitenote_active":false,"_exactmetrics_sitenote_note":"","_exactmetrics_sitenote_category":0,"_vp_format_video_url":"","_vp_image_focal_point":[],"footnotes":""},"class_list":["post-1050","page","type-page","status-publish","hentry"],"yoast_head":"<!-- This site is optimized with the Yoast SEO plugin v20.1 - https:\/\/yoast.com\/wordpress\/plugins\/seo\/ -->\n<title>Jubiler Filipowicz - realizacja fotografii bi\u017cuterii<\/title>\n<meta name=\"description\" content=\"Fotografia bi\u017cuterii. Aran\u017cowane fotografie produktowe. Zdj\u0119cia dla jubiler\u00f3w, fotografia jubilerska. Packshot oraz sesje aran\u017cowane.\" \/>\n<meta name=\"robots\" content=\"index, follow, max-snippet:-1, max-image-preview:large, max-video-preview:-1\" \/>\n<link rel=\"canonical\" href=\"https:\/\/www.przyjemnedlaoka.pl\/index.php\/fotografia-bizuterii-5\/\" \/>\n<meta property=\"og:locale\" content=\"pl_PL\" \/>\n<meta property=\"og:type\" content=\"article\" \/>\n<meta property=\"og:title\" content=\"Jubiler Filipowicz - realizacja fotografii bi\u017cuterii\" \/>\n<meta property=\"og:description\" content=\"Fotografia bi\u017cuterii. Aran\u017cowane fotografie produktowe. Zdj\u0119cia dla jubiler\u00f3w, fotografia jubilerska. Packshot oraz sesje aran\u017cowane.\" \/>\n<meta property=\"og:url\" content=\"https:\/\/www.przyjemnedlaoka.pl\/index.php\/fotografia-bizuterii-5\/\" \/>\n<meta property=\"og:site_name\" content=\"Fotografia reklamowa przyjemna dla oka\" \/>\n<meta property=\"article:modified_time\" content=\"2023-03-27T11:37:03+00:00\" \/>\n<meta name=\"twitter:card\" content=\"summary_large_image\" \/>\n<script type=\"application\/ld+json\" class=\"yoast-schema-graph\">{\"@context\":\"https:\/\/schema.org\",\"@graph\":[{\"@type\":\"WebPage\",\"@id\":\"https:\/\/www.przyjemnedlaoka.pl\/index.php\/fotografia-bizuterii-5\/\",\"url\":\"https:\/\/www.przyjemnedlaoka.pl\/index.php\/fotografia-bizuterii-5\/\",\"name\":\"Jubiler Filipowicz - realizacja fotografii bi\u017cuterii\",\"isPartOf\":{\"@id\":\"https:\/\/www.przyjemnedlaoka.pl\/#website\"},\"datePublished\":\"2023-03-27T11:37:02+00:00\",\"dateModified\":\"2023-03-27T11:37:03+00:00\",\"description\":\"Fotografia bi\u017cuterii. Aran\u017cowane fotografie produktowe. Zdj\u0119cia dla jubiler\u00f3w, fotografia jubilerska. Packshot oraz sesje aran\u017cowane.\",\"breadcrumb\":{\"@id\":\"https:\/\/www.przyjemnedlaoka.pl\/index.php\/fotografia-bizuterii-5\/#breadcrumb\"},\"inLanguage\":\"pl-PL\",\"potentialAction\":[{\"@type\":\"ReadAction\",\"target\":[\"https:\/\/www.przyjemnedlaoka.pl\/index.php\/fotografia-bizuterii-5\/\"]}]},{\"@type\":\"BreadcrumbList\",\"@id\":\"https:\/\/www.przyjemnedlaoka.pl\/index.php\/fotografia-bizuterii-5\/#breadcrumb\",\"itemListElement\":[{\"@type\":\"ListItem\",\"position\":1,\"name\":\"Strona g\u0142\u00f3wna\",\"item\":\"https:\/\/www.przyjemnedlaoka.pl\/\"},{\"@type\":\"ListItem\",\"position\":2,\"name\":\"Filipowicz\"}]},{\"@type\":\"WebSite\",\"@id\":\"https:\/\/www.przyjemnedlaoka.pl\/#website\",\"url\":\"https:\/\/www.przyjemnedlaoka.pl\/\",\"name\":\"Fotografia reklamowa przyjemna dla oka\",\"description\":\"Zdj\u0119cia, kt&oacute;re sprzedaj\u0105. Kreatywna fotografia produktowa. Fotografia reklamowa Krak&oacute;w. \",\"publisher\":{\"@id\":\"https:\/\/www.przyjemnedlaoka.pl\/#organization\"},\"potentialAction\":[{\"@type\":\"SearchAction\",\"target\":{\"@type\":\"EntryPoint\",\"urlTemplate\":\"https:\/\/www.przyjemnedlaoka.pl\/?s={search_term_string}\"},\"query-input\":\"required name=search_term_string\"}],\"inLanguage\":\"pl-PL\"},{\"@type\":\"Organization\",\"@id\":\"https:\/\/www.przyjemnedlaoka.pl\/#organization\",\"name\":\"Przyjemne dla oka\",\"url\":\"https:\/\/www.przyjemnedlaoka.pl\/\",\"logo\":{\"@type\":\"ImageObject\",\"inLanguage\":\"pl-PL\",\"@id\":\"https:\/\/www.przyjemnedlaoka.pl\/#\/schema\/logo\/image\/\",\"url\":\"https:\/\/www.przyjemnedlaoka.pl\/wp-content\/uploads\/2020\/12\/PRZYJEMNE-DLA-OKA-LOGO.jpg\",\"contentUrl\":\"https:\/\/www.przyjemnedlaoka.pl\/wp-content\/uploads\/2020\/12\/PRZYJEMNE-DLA-OKA-LOGO.jpg\",\"width\":556,\"height\":370,\"caption\":\"Przyjemne dla oka\"},\"image\":{\"@id\":\"https:\/\/www.przyjemnedlaoka.pl\/#\/schema\/logo\/image\/\"}}]}<\/script>\n<!-- \/ Yoast SEO plugin. -->","yoast_head_json":{"title":"Jubiler Filipowicz - realizacja fotografii bi\u017cuterii","description":"Fotografia bi\u017cuterii. Aran\u017cowane fotografie produktowe. Zdj\u0119cia dla jubiler\u00f3w, fotografia jubilerska. Packshot oraz sesje aran\u017cowane.","robots":{"index":"index","follow":"follow","max-snippet":"max-snippet:-1","max-image-preview":"max-image-preview:large","max-video-preview":"max-video-preview:-1"},"canonical":"https:\/\/www.przyjemnedlaoka.pl\/index.php\/fotografia-bizuterii-5\/","og_locale":"pl_PL","og_type":"article","og_title":"Jubiler Filipowicz - realizacja fotografii bi\u017cuterii","og_description":"Fotografia bi\u017cuterii. Aran\u017cowane fotografie produktowe. Zdj\u0119cia dla jubiler\u00f3w, fotografia jubilerska. Packshot oraz sesje aran\u017cowane.","og_url":"https:\/\/www.przyjemnedlaoka.pl\/index.php\/fotografia-bizuterii-5\/","og_site_name":"Fotografia reklamowa przyjemna dla oka","article_modified_time":"2023-03-27T11:37:03+00:00","twitter_card":"summary_large_image","schema":{"@context":"https:\/\/schema.org","@graph":[{"@type":"WebPage","@id":"https:\/\/www.przyjemnedlaoka.pl\/index.php\/fotografia-bizuterii-5\/","url":"https:\/\/www.przyjemnedlaoka.pl\/index.php\/fotografia-bizuterii-5\/","name":"Jubiler Filipowicz - realizacja fotografii bi\u017cuterii","isPartOf":{"@id":"https:\/\/www.przyjemnedlaoka.pl\/#website"},"datePublished":"2023-03-27T11:37:02+00:00","dateModified":"2023-03-27T11:37:03+00:00","description":"Fotografia bi\u017cuterii. Aran\u017cowane fotografie produktowe. Zdj\u0119cia dla jubiler\u00f3w, fotografia jubilerska. Packshot oraz sesje aran\u017cowane.","breadcrumb":{"@id":"https:\/\/www.przyjemnedlaoka.pl\/index.php\/fotografia-bizuterii-5\/#breadcrumb"},"inLanguage":"pl-PL","potentialAction":[{"@type":"ReadAction","target":["https:\/\/www.przyjemnedlaoka.pl\/index.php\/fotografia-bizuterii-5\/"]}]},{"@type":"BreadcrumbList","@id":"https:\/\/www.przyjemnedlaoka.pl\/index.php\/fotografia-bizuterii-5\/#breadcrumb","itemListElement":[{"@type":"ListItem","position":1,"name":"Strona g\u0142\u00f3wna","item":"https:\/\/www.przyjemnedlaoka.pl\/"},{"@type":"ListItem","position":2,"name":"Filipowicz"}]},{"@type":"WebSite","@id":"https:\/\/www.przyjemnedlaoka.pl\/#website","url":"https:\/\/www.przyjemnedlaoka.pl\/","name":"Fotografia reklamowa przyjemna dla oka","description":"Zdj\u0119cia, kt&oacute;re sprzedaj\u0105. Kreatywna fotografia produktowa. Fotografia reklamowa Krak&oacute;w. ","publisher":{"@id":"https:\/\/www.przyjemnedlaoka.pl\/#organization"},"potentialAction":[{"@type":"SearchAction","target":{"@type":"EntryPoint","urlTemplate":"https:\/\/www.przyjemnedlaoka.pl\/?s={search_term_string}"},"query-input":"required name=search_term_string"}],"inLanguage":"pl-PL"},{"@type":"Organization","@id":"https:\/\/www.przyjemnedlaoka.pl\/#organization","name":"Przyjemne dla oka","url":"https:\/\/www.przyjemnedlaoka.pl\/","logo":{"@type":"ImageObject","inLanguage":"pl-PL","@id":"https:\/\/www.przyjemnedlaoka.pl\/#\/schema\/logo\/image\/","url":"https:\/\/www.przyjemnedlaoka.pl\/wp-content\/uploads\/2020\/12\/PRZYJEMNE-DLA-OKA-LOGO.jpg","contentUrl":"https:\/\/www.przyjemnedlaoka.pl\/wp-content\/uploads\/2020\/12\/PRZYJEMNE-DLA-OKA-LOGO.jpg","width":556,"height":370,"caption":"Przyjemne dla oka"},"image":{"@id":"https:\/\/www.przyjemnedlaoka.pl\/#\/schema\/logo\/image\/"}}]}},"_links":{"self":[{"href":"https:\/\/www.przyjemnedlaoka.pl\/index.php\/wp-json\/wp\/v2\/pages\/1050","targetHints":{"allow":["GET"]}}],"collection":[{"href":"https:\/\/www.przyjemnedlaoka.pl\/index.php\/wp-json\/wp\/v2\/pages"}],"about":[{"href":"https:\/\/www.przyjemnedlaoka.pl\/index.php\/wp-json\/wp\/v2\/types\/page"}],"author":[{"embeddable":true,"href":"https:\/\/www.przyjemnedlaoka.pl\/index.php\/wp-json\/wp\/v2\/users\/1"}],"replies":[{"embeddable":true,"href":"https:\/\/www.przyjemnedlaoka.pl\/index.php\/wp-json\/wp\/v2\/comments?post=1050"}],"version-history":[{"count":1,"href":"https:\/\/www.przyjemnedlaoka.pl\/index.php\/wp-json\/wp\/v2\/pages\/1050\/revisions"}],"predecessor-version":[{"id":1051,"href":"https:\/\/www.przyjemnedlaoka.pl\/index.php\/wp-json\/wp\/v2\/pages\/1050\/revisions\/1051"}],"wp:attachment":[{"href":"https:\/\/www.przyjemnedlaoka.pl\/index.php\/wp-json\/wp\/v2\/media?parent=1050"}],"curies":[{"name":"wp","href":"https:\/\/api.w.org\/{rel}","templated":true}]}}