{"id":20,"date":"2020-12-01T14:54:25","date_gmt":"2020-12-01T14:54:25","guid":{"rendered":"https:\/\/www.przyjemnedlaoka.pl\/?page_id=20"},"modified":"2025-12-17T11:42:18","modified_gmt":"2025-12-17T11:42:18","slug":"o-nas-fotografia-produktowa","status":"publish","type":"page","link":"https:\/\/www.przyjemnedlaoka.pl\/index.php\/o-nas-fotografia-produktowa\/","title":{"rendered":"O mnie"},"content":{"rendered":"\n<p><\/p>\n\n\n\n<div class=\"wp-block-media-text alignwide has-media-on-the-right is-stacked-on-mobile\"><div class=\"wp-block-media-text__content\">\n<p style=\"margin-top:var(--wp--preset--spacing--50);margin-bottom:var(--wp--preset--spacing--50);font-style:normal;font-weight:500\"><strong>Wk\u0142adasz w sw\u00f3j produkt ca\u0142e serce, a on i tak si\u0119 nie sprzedaje?<\/strong> <\/p>\n\n\n\n<p style=\"margin-top:var(--wp--preset--spacing--50);margin-bottom:var(--wp--preset--spacing--50)\">Mo\u017cesz to zmieni\u0107. Ponad po\u0142owa potencjalnych klient\u00f3w w ecommerce rezygnuje z zakupu z powodu z\u0142ej prezentacji produktu. Dlatego potrzebujesz profesjonalisty &#8211; i oto jeste\u015bmy. <\/p>\n\n\n\n<p><\/p>\n\n\n\n<p><\/p>\n\n\n\n<p style=\"margin-top:var(--wp--preset--spacing--50);margin-bottom:var(--wp--preset--spacing--50)\"><strong>Misj\u0105 Przyjemne Dla Oka jest tworzenie wizualnej komunikacji<\/strong> w taki spos\u00f3b, aby przebod\u017acowany odbiorca zwr\u00f3ci\u0142 uwag\u0119 w\u0142a\u015bnie na Tw\u00f3j produkt. Przyci\u0105gaj\u0105ce zdj\u0119cia reklamowe na Instagramie to dzi\u015b podstawa &#8211; a my wiemy, jak je zrobi\u0107.<\/p>\n\n\n\n<p><\/p>\n\n\n\n<p><\/p>\n\n\n\n<p style=\"margin-top:var(--wp--preset--spacing--50);margin-bottom:var(--wp--preset--spacing--50)\"><strong>Fotografi\u0105 produktow\u0105 zajmujemy si\u0119 od 2020 roku.<\/strong> Pracujemy w Krakowie, wysy\u0142kowo &#8211; Ty tylko nadajesz paczk\u0119 i p\u00f3\u017aniej j\u0105 odbierasz. Reszta nale\u017cy do nas. My robimy zdj\u0119cia, a Ty mo\u017cesz po\u015bwi\u0119ci\u0107 ten czas na to, na czym znasz si\u0119 najlepiej (albo po prostu odpocz\u0105\u0107).<\/p>\n\n\n\n<p><\/p>\n\n\n\n<p><\/p>\n\n\n\n<p style=\"margin-top:var(--wp--preset--spacing--50);margin-bottom:var(--wp--preset--spacing--50)\"><strong>Ka\u017cdy produkt traktujemy indywidualnie.<\/strong> Wszyscy nasi klienci mog\u0105 skorzysta\u0107 z bezp\u0142atnej konsultacji, na kt\u00f3rej ustalamy plan dzia\u0142ania. Czasem dzia\u0142amy zgodnie z briefem, przygotowanym przez dzia\u0142 marketingu, a czasem sami go przygotowujemy, bazuj\u0105c na specyfice bran\u017cy oraz estetyce naszego klienta.<\/p>\n\n\n\n<p><\/p>\n\n\n\n<p><\/p>\n\n\n\n<p><\/p>\n\n\n\n<p><\/p>\n\n\n\n<div class=\"wp-block-buttons is-layout-flex wp-block-buttons-is-layout-flex\">\n<div class=\"wp-block-button\"><a class=\"wp-block-button__link has-background wp-element-button\" href=\"https:\/\/calendly.com\/przyjemnedlaoka\/30min\" style=\"background-color:#ec70bb\">Um\u00f3w si\u0119 na darmow\u0105 konsultacj\u0119<\/a><\/div>\n<\/div>\n<\/div><figure class=\"wp-block-media-text__media\"><img loading=\"lazy\" decoding=\"async\" width=\"1024\" height=\"1024\" src=\"https:\/\/www.przyjemnedlaoka.pl\/wp-content\/uploads\/2020\/12\/flat-lay-jedzenie-1024x1024.jpg\" alt=\"\" class=\"wp-image-410 size-full\" srcset=\"https:\/\/www.przyjemnedlaoka.pl\/wp-content\/uploads\/2020\/12\/flat-lay-jedzenie-1024x1024.jpg 1024w, https:\/\/www.przyjemnedlaoka.pl\/wp-content\/uploads\/2020\/12\/flat-lay-jedzenie-300x300.jpg 300w, https:\/\/www.przyjemnedlaoka.pl\/wp-content\/uploads\/2020\/12\/flat-lay-jedzenie-150x150.jpg 150w, https:\/\/www.przyjemnedlaoka.pl\/wp-content\/uploads\/2020\/12\/flat-lay-jedzenie-768x768.jpg 768w, https:\/\/www.przyjemnedlaoka.pl\/wp-content\/uploads\/2020\/12\/flat-lay-jedzenie-1000x1000.jpg 1000w, https:\/\/www.przyjemnedlaoka.pl\/wp-content\/uploads\/2020\/12\/flat-lay-jedzenie-350x350.jpg 350w, https:\/\/www.przyjemnedlaoka.pl\/wp-content\/uploads\/2020\/12\/flat-lay-jedzenie.jpg 1200w\" sizes=\"auto, (max-width: 1024px) 100vw, 1024px\" \/><\/figure><\/div>\n\n\n\n<p><\/p>\n","protected":false},"excerpt":{"rendered":"","protected":false},"author":1,"featured_media":0,"parent":0,"menu_order":0,"comment_status":"closed","ping_status":"closed","template":"","meta":{"_exactmetrics_skip_tracking":false,"_exactmetrics_sitenote_active":false,"_exactmetrics_sitenote_note":"","_exactmetrics_sitenote_category":0,"_vp_format_video_url":"","_vp_image_focal_point":[],"footnotes":""},"class_list":["post-20","page","type-page","status-publish","hentry"],"yoast_head":"<!-- This site is optimized with the Yoast SEO plugin v20.1 - https:\/\/yoast.com\/wordpress\/plugins\/seo\/ -->\n<title>O mnie - Fotografia reklamowa przyjemna dla oka<\/title>\n<meta name=\"description\" content=\"Fotografia produktowa dla ma\u0142ych i du\u017cych firm. Fotografia reklamowa i sesje zdj\u0119ciowe do ecommerce oraz SoMe. Fotografia produktowa w Krakowie.\" \/>\n<meta name=\"robots\" content=\"index, follow, max-snippet:-1, max-image-preview:large, max-video-preview:-1\" \/>\n<link rel=\"canonical\" href=\"https:\/\/www.przyjemnedlaoka.pl\/index.php\/o-nas-fotografia-produktowa\/\" \/>\n<meta property=\"og:locale\" content=\"pl_PL\" \/>\n<meta property=\"og:type\" content=\"article\" \/>\n<meta property=\"og:title\" content=\"O mnie - Fotografia reklamowa przyjemna dla oka\" \/>\n<meta property=\"og:description\" content=\"Fotografia produktowa dla ma\u0142ych i du\u017cych firm. Fotografia reklamowa i sesje zdj\u0119ciowe do ecommerce oraz SoMe. Fotografia produktowa w Krakowie.\" \/>\n<meta property=\"og:url\" content=\"https:\/\/www.przyjemnedlaoka.pl\/index.php\/o-nas-fotografia-produktowa\/\" \/>\n<meta property=\"og:site_name\" content=\"Fotografia reklamowa przyjemna dla oka\" \/>\n<meta property=\"article:modified_time\" content=\"2025-12-17T11:42:18+00:00\" \/>\n<meta property=\"og:image\" content=\"https:\/\/www.przyjemnedlaoka.pl\/wp-content\/uploads\/2020\/12\/flat-lay-jedzenie-1024x1024.jpg\" \/>\n<meta name=\"twitter:card\" content=\"summary_large_image\" \/>\n<meta name=\"twitter:label1\" content=\"Szacowany czas czytania\" \/>\n\t<meta name=\"twitter:data1\" content=\"2 minuty\" \/>\n<script type=\"application\/ld+json\" class=\"yoast-schema-graph\">{\"@context\":\"https:\/\/schema.org\",\"@graph\":[{\"@type\":\"WebPage\",\"@id\":\"https:\/\/www.przyjemnedlaoka.pl\/index.php\/o-nas-fotografia-produktowa\/\",\"url\":\"https:\/\/www.przyjemnedlaoka.pl\/index.php\/o-nas-fotografia-produktowa\/\",\"name\":\"O mnie - Fotografia reklamowa przyjemna dla oka\",\"isPartOf\":{\"@id\":\"https:\/\/www.przyjemnedlaoka.pl\/#website\"},\"datePublished\":\"2020-12-01T14:54:25+00:00\",\"dateModified\":\"2025-12-17T11:42:18+00:00\",\"description\":\"Fotografia produktowa dla ma\u0142ych i du\u017cych firm. Fotografia reklamowa i sesje zdj\u0119ciowe do ecommerce oraz SoMe. Fotografia produktowa w Krakowie.\",\"breadcrumb\":{\"@id\":\"https:\/\/www.przyjemnedlaoka.pl\/index.php\/o-nas-fotografia-produktowa\/#breadcrumb\"},\"inLanguage\":\"pl-PL\",\"potentialAction\":[{\"@type\":\"ReadAction\",\"target\":[\"https:\/\/www.przyjemnedlaoka.pl\/index.php\/o-nas-fotografia-produktowa\/\"]}]},{\"@type\":\"BreadcrumbList\",\"@id\":\"https:\/\/www.przyjemnedlaoka.pl\/index.php\/o-nas-fotografia-produktowa\/#breadcrumb\",\"itemListElement\":[{\"@type\":\"ListItem\",\"position\":1,\"name\":\"Strona g\u0142\u00f3wna\",\"item\":\"https:\/\/www.przyjemnedlaoka.pl\/\"},{\"@type\":\"ListItem\",\"position\":2,\"name\":\"O mnie\"}]},{\"@type\":\"WebSite\",\"@id\":\"https:\/\/www.przyjemnedlaoka.pl\/#website\",\"url\":\"https:\/\/www.przyjemnedlaoka.pl\/\",\"name\":\"Fotografia reklamowa przyjemna dla oka\",\"description\":\"Zdj\u0119cia, kt&oacute;re sprzedaj\u0105. Kreatywna fotografia produktowa. Fotografia reklamowa Krak&oacute;w. \",\"publisher\":{\"@id\":\"https:\/\/www.przyjemnedlaoka.pl\/#organization\"},\"potentialAction\":[{\"@type\":\"SearchAction\",\"target\":{\"@type\":\"EntryPoint\",\"urlTemplate\":\"https:\/\/www.przyjemnedlaoka.pl\/?s={search_term_string}\"},\"query-input\":\"required name=search_term_string\"}],\"inLanguage\":\"pl-PL\"},{\"@type\":\"Organization\",\"@id\":\"https:\/\/www.przyjemnedlaoka.pl\/#organization\",\"name\":\"Przyjemne dla oka\",\"url\":\"https:\/\/www.przyjemnedlaoka.pl\/\",\"logo\":{\"@type\":\"ImageObject\",\"inLanguage\":\"pl-PL\",\"@id\":\"https:\/\/www.przyjemnedlaoka.pl\/#\/schema\/logo\/image\/\",\"url\":\"https:\/\/www.przyjemnedlaoka.pl\/wp-content\/uploads\/2020\/12\/PRZYJEMNE-DLA-OKA-LOGO.jpg\",\"contentUrl\":\"https:\/\/www.przyjemnedlaoka.pl\/wp-content\/uploads\/2020\/12\/PRZYJEMNE-DLA-OKA-LOGO.jpg\",\"width\":556,\"height\":370,\"caption\":\"Przyjemne dla oka\"},\"image\":{\"@id\":\"https:\/\/www.przyjemnedlaoka.pl\/#\/schema\/logo\/image\/\"}}]}<\/script>\n<!-- \/ Yoast SEO plugin. -->","yoast_head_json":{"title":"O mnie - Fotografia reklamowa przyjemna dla oka","description":"Fotografia produktowa dla ma\u0142ych i du\u017cych firm. Fotografia reklamowa i sesje zdj\u0119ciowe do ecommerce oraz SoMe. Fotografia produktowa w Krakowie.","robots":{"index":"index","follow":"follow","max-snippet":"max-snippet:-1","max-image-preview":"max-image-preview:large","max-video-preview":"max-video-preview:-1"},"canonical":"https:\/\/www.przyjemnedlaoka.pl\/index.php\/o-nas-fotografia-produktowa\/","og_locale":"pl_PL","og_type":"article","og_title":"O mnie - Fotografia reklamowa przyjemna dla oka","og_description":"Fotografia produktowa dla ma\u0142ych i du\u017cych firm. Fotografia reklamowa i sesje zdj\u0119ciowe do ecommerce oraz SoMe. Fotografia produktowa w Krakowie.","og_url":"https:\/\/www.przyjemnedlaoka.pl\/index.php\/o-nas-fotografia-produktowa\/","og_site_name":"Fotografia reklamowa przyjemna dla oka","article_modified_time":"2025-12-17T11:42:18+00:00","og_image":[{"url":"https:\/\/www.przyjemnedlaoka.pl\/wp-content\/uploads\/2020\/12\/flat-lay-jedzenie-1024x1024.jpg"}],"twitter_card":"summary_large_image","twitter_misc":{"Szacowany czas czytania":"2 minuty"},"schema":{"@context":"https:\/\/schema.org","@graph":[{"@type":"WebPage","@id":"https:\/\/www.przyjemnedlaoka.pl\/index.php\/o-nas-fotografia-produktowa\/","url":"https:\/\/www.przyjemnedlaoka.pl\/index.php\/o-nas-fotografia-produktowa\/","name":"O mnie - Fotografia reklamowa przyjemna dla oka","isPartOf":{"@id":"https:\/\/www.przyjemnedlaoka.pl\/#website"},"datePublished":"2020-12-01T14:54:25+00:00","dateModified":"2025-12-17T11:42:18+00:00","description":"Fotografia produktowa dla ma\u0142ych i du\u017cych firm. Fotografia reklamowa i sesje zdj\u0119ciowe do ecommerce oraz SoMe. Fotografia produktowa w Krakowie.","breadcrumb":{"@id":"https:\/\/www.przyjemnedlaoka.pl\/index.php\/o-nas-fotografia-produktowa\/#breadcrumb"},"inLanguage":"pl-PL","potentialAction":[{"@type":"ReadAction","target":["https:\/\/www.przyjemnedlaoka.pl\/index.php\/o-nas-fotografia-produktowa\/"]}]},{"@type":"BreadcrumbList","@id":"https:\/\/www.przyjemnedlaoka.pl\/index.php\/o-nas-fotografia-produktowa\/#breadcrumb","itemListElement":[{"@type":"ListItem","position":1,"name":"Strona g\u0142\u00f3wna","item":"https:\/\/www.przyjemnedlaoka.pl\/"},{"@type":"ListItem","position":2,"name":"O mnie"}]},{"@type":"WebSite","@id":"https:\/\/www.przyjemnedlaoka.pl\/#website","url":"https:\/\/www.przyjemnedlaoka.pl\/","name":"Fotografia reklamowa przyjemna dla oka","description":"Zdj\u0119cia, kt&oacute;re sprzedaj\u0105. Kreatywna fotografia produktowa. Fotografia reklamowa Krak&oacute;w. ","publisher":{"@id":"https:\/\/www.przyjemnedlaoka.pl\/#organization"},"potentialAction":[{"@type":"SearchAction","target":{"@type":"EntryPoint","urlTemplate":"https:\/\/www.przyjemnedlaoka.pl\/?s={search_term_string}"},"query-input":"required name=search_term_string"}],"inLanguage":"pl-PL"},{"@type":"Organization","@id":"https:\/\/www.przyjemnedlaoka.pl\/#organization","name":"Przyjemne dla oka","url":"https:\/\/www.przyjemnedlaoka.pl\/","logo":{"@type":"ImageObject","inLanguage":"pl-PL","@id":"https:\/\/www.przyjemnedlaoka.pl\/#\/schema\/logo\/image\/","url":"https:\/\/www.przyjemnedlaoka.pl\/wp-content\/uploads\/2020\/12\/PRZYJEMNE-DLA-OKA-LOGO.jpg","contentUrl":"https:\/\/www.przyjemnedlaoka.pl\/wp-content\/uploads\/2020\/12\/PRZYJEMNE-DLA-OKA-LOGO.jpg","width":556,"height":370,"caption":"Przyjemne dla oka"},"image":{"@id":"https:\/\/www.przyjemnedlaoka.pl\/#\/schema\/logo\/image\/"}}]}},"_links":{"self":[{"href":"https:\/\/www.przyjemnedlaoka.pl\/index.php\/wp-json\/wp\/v2\/pages\/20","targetHints":{"allow":["GET"]}}],"collection":[{"href":"https:\/\/www.przyjemnedlaoka.pl\/index.php\/wp-json\/wp\/v2\/pages"}],"about":[{"href":"https:\/\/www.przyjemnedlaoka.pl\/index.php\/wp-json\/wp\/v2\/types\/page"}],"author":[{"embeddable":true,"href":"https:\/\/www.przyjemnedlaoka.pl\/index.php\/wp-json\/wp\/v2\/users\/1"}],"replies":[{"embeddable":true,"href":"https:\/\/www.przyjemnedlaoka.pl\/index.php\/wp-json\/wp\/v2\/comments?post=20"}],"version-history":[{"count":7,"href":"https:\/\/www.przyjemnedlaoka.pl\/index.php\/wp-json\/wp\/v2\/pages\/20\/revisions"}],"predecessor-version":[{"id":1615,"href":"https:\/\/www.przyjemnedlaoka.pl\/index.php\/wp-json\/wp\/v2\/pages\/20\/revisions\/1615"}],"wp:attachment":[{"href":"https:\/\/www.przyjemnedlaoka.pl\/index.php\/wp-json\/wp\/v2\/media?parent=20"}],"curies":[{"name":"wp","href":"https:\/\/api.w.org\/{rel}","templated":true}]}}