{"id":21,"date":"2020-12-01T14:54:25","date_gmt":"2020-12-01T14:54:25","guid":{"rendered":"https:\/\/www.przyjemnedlaoka.pl\/?page_id=21"},"modified":"2026-01-08T15:57:38","modified_gmt":"2026-01-08T15:57:38","slug":"kontakt","status":"publish","type":"page","link":"https:\/\/www.przyjemnedlaoka.pl\/index.php\/kontakt\/","title":{"rendered":"Kontakt"},"content":{"rendered":"\n<p><strong>Skontaktuj si\u0119 z nami za po\u015brednictwem poni\u017cszego formularza:<\/strong><\/p>\n\n\n<div class=\"wpforms-container wpforms-container-full wpforms-block wpforms-block-4b2ccff2-bbc2-4cf9-8755-22028a344114\" id=\"wpforms-426\"><form id=\"wpforms-form-426\" class=\"wpforms-validate wpforms-form\" data-formid=\"426\" method=\"post\" enctype=\"multipart\/form-data\" action=\"\/index.php\/wp-json\/wp\/v2\/pages\/21\" data-token=\"d49f63a4771b4c5b9d21cb9dbdd59670\" data-token-time=\"1776430578\"><noscript class=\"wpforms-error-noscript\">Aby wype\u0142ni\u0107 ten formularz, w\u0142\u0105cz obs\u0142ug\u0119 JavaScript w przegl\u0105darce.<\/noscript><div class=\"wpforms-field-container\"><div id=\"wpforms-426-field_0-container\" class=\"wpforms-field wpforms-field-name\" data-field-id=\"0\"><label class=\"wpforms-field-label\" for=\"wpforms-426-field_0\">Jak nazywasz si\u0119 Ty lub Twoja firma? <span class=\"wpforms-required-label\">*<\/span><\/label><input type=\"text\" id=\"wpforms-426-field_0\" class=\"wpforms-field-medium wpforms-field-required\" name=\"wpforms[fields][0]\" required><\/div><div id=\"wpforms-426-field_1-container\" class=\"wpforms-field wpforms-field-email\" data-field-id=\"1\"><label class=\"wpforms-field-label\" for=\"wpforms-426-field_1\">Email <span class=\"wpforms-required-label\">*<\/span><\/label><input type=\"email\" id=\"wpforms-426-field_1\" class=\"wpforms-field-medium wpforms-field-required\" name=\"wpforms[fields][1]\" spellcheck=\"false\" required><\/div><div id=\"wpforms-426-field_4-container\" class=\"wpforms-field wpforms-field-checkbox\" data-field-id=\"4\"><label class=\"wpforms-field-label\">Jak mo\u017cemy Ci pom\u00f3c?<\/label><ul id=\"wpforms-426-field_4\"><li class=\"choice-1 depth-1\"><input type=\"checkbox\" id=\"wpforms-426-field_4_1\" name=\"wpforms[fields][4][]\" value=\"Fotografie aran\u017cowane\"  ><label class=\"wpforms-field-label-inline\" for=\"wpforms-426-field_4_1\">Fotografie aran\u017cowane<\/label><\/li><li class=\"choice-2 depth-1\"><input type=\"checkbox\" id=\"wpforms-426-field_4_2\" name=\"wpforms[fields][4][]\" value=\"Fotografie packshotowe\"  ><label class=\"wpforms-field-label-inline\" for=\"wpforms-426-field_4_2\">Fotografie packshotowe<\/label><\/li><li class=\"choice-3 depth-1\"><input type=\"checkbox\" id=\"wpforms-426-field_4_3\" name=\"wpforms[fields][4][]\" value=\"Sesja z modelk\u0105\"  ><label class=\"wpforms-field-label-inline\" for=\"wpforms-426-field_4_3\">Sesja z modelk\u0105<\/label><\/li><li class=\"choice-4 depth-1\"><input type=\"checkbox\" id=\"wpforms-426-field_4_4\" name=\"wpforms[fields][4][]\" value=\"Bezp\u0142atna konsultacja\"  ><label class=\"wpforms-field-label-inline\" for=\"wpforms-426-field_4_4\">Bezp\u0142atna konsultacja<\/label><\/li><\/ul><\/div><div id=\"wpforms-426-field_2-container\" class=\"wpforms-field wpforms-field-textarea\" data-field-id=\"2\"><label class=\"wpforms-field-label\" for=\"wpforms-426-field_2\">Twoja wiadomo\u015b\u0107 <span class=\"wpforms-required-label\">*<\/span><\/label><textarea id=\"wpforms-426-field_2\" class=\"wpforms-field-medium wpforms-field-required\" name=\"wpforms[fields][2]\" required><\/textarea><\/div><div id=\"wpforms-426-field_5-container\" class=\"wpforms-field wpforms-field-checkbox\" data-field-id=\"5\"><label class=\"wpforms-field-label\">Wyra\u017cam zgod\u0119 na przetwarzanie moich danych osobowych w celu uzyskania odpowiedzi <span class=\"wpforms-required-label\">*<\/span><\/label><ul id=\"wpforms-426-field_5\" class=\"wpforms-field-required\"><li class=\"choice-1 depth-1\"><input type=\"checkbox\" id=\"wpforms-426-field_5_1\" name=\"wpforms[fields][5][]\" value=\"Tak\" required ><label class=\"wpforms-field-label-inline\" for=\"wpforms-426-field_5_1\">Tak<\/label><\/li><\/ul><div class=\"wpforms-field-description\">Szczeg\u00f3\u0142y na temat przetwarzania Twoich danych osobowych przez firm\u0119 Adrianna So\u0142tys Fotografia w zak\u0142adce Polityka Prywatno\u015bci.<\/div><\/div><\/div><!-- .wpforms-field-container --><div class=\"wpforms-submit-container\" ><input type=\"hidden\" name=\"wpforms[id]\" value=\"426\"><input type=\"hidden\" name=\"page_title\" value=\"\"><input type=\"hidden\" name=\"page_url\" value=\"https:\/\/www.przyjemnedlaoka.pl\/index.php\/wp-json\/wp\/v2\/pages\/21\"><input type=\"hidden\" name=\"url_referer\" value=\"\"><button type=\"submit\" name=\"wpforms[submit]\" id=\"wpforms-submit-426\" class=\"wpforms-submit\" data-alt-text=\"Wysy\u0142anie...\" data-submit-text=\"Wy\u015blij\" aria-live=\"assertive\" value=\"wpforms-submit\">Wy\u015blij<\/button><\/div><\/form><\/div>  <!-- .wpforms-container -->\n\n\n<figure class=\"wp-block-image aligncenter size-large\"><img loading=\"lazy\" decoding=\"async\" width=\"1024\" height=\"683\" src=\"https:\/\/www.przyjemnedlaoka.pl\/wp-content\/uploads\/2026\/01\/pdo-styczen-017-1024x683.jpg\" alt=\"\" class=\"wp-image-1698\" srcset=\"https:\/\/www.przyjemnedlaoka.pl\/wp-content\/uploads\/2026\/01\/pdo-styczen-017-1024x683.jpg 1024w, https:\/\/www.przyjemnedlaoka.pl\/wp-content\/uploads\/2026\/01\/pdo-styczen-017-300x200.jpg 300w, https:\/\/www.przyjemnedlaoka.pl\/wp-content\/uploads\/2026\/01\/pdo-styczen-017-768x512.jpg 768w, https:\/\/www.przyjemnedlaoka.pl\/wp-content\/uploads\/2026\/01\/pdo-styczen-017-1536x1024.jpg 1536w, https:\/\/www.przyjemnedlaoka.pl\/wp-content\/uploads\/2026\/01\/pdo-styczen-017-2048x1365.jpg 2048w, https:\/\/www.przyjemnedlaoka.pl\/wp-content\/uploads\/2026\/01\/pdo-styczen-017-1000x667.jpg 1000w\" sizes=\"auto, (max-width: 1024px) 100vw, 1024px\" \/><\/figure>\n","protected":false},"excerpt":{"rendered":"<p>Skontaktuj si\u0119 z nami za po\u015brednictwem poni\u017cszego formularza:<\/p>\n","protected":false},"author":1,"featured_media":0,"parent":0,"menu_order":0,"comment_status":"closed","ping_status":"closed","template":"","meta":{"_exactmetrics_skip_tracking":false,"_exactmetrics_sitenote_active":false,"_exactmetrics_sitenote_note":"","_exactmetrics_sitenote_category":0,"_vp_format_video_url":"","_vp_image_focal_point":[],"footnotes":""},"class_list":["post-21","page","type-page","status-publish","hentry"],"yoast_head":"<!-- This site is optimized with the Yoast SEO plugin v20.1 - https:\/\/yoast.com\/wordpress\/plugins\/seo\/ -->\n<title>Kontakt - Fotografia reklamowa przyjemna dla oka<\/title>\n<meta name=\"robots\" content=\"index, follow, max-snippet:-1, max-image-preview:large, max-video-preview:-1\" \/>\n<link rel=\"canonical\" href=\"https:\/\/www.przyjemnedlaoka.pl\/index.php\/kontakt\/\" \/>\n<meta property=\"og:locale\" content=\"pl_PL\" \/>\n<meta property=\"og:type\" content=\"article\" \/>\n<meta property=\"og:title\" content=\"Kontakt - Fotografia reklamowa przyjemna dla oka\" \/>\n<meta property=\"og:description\" content=\"Skontaktuj si\u0119 z nami za po\u015brednictwem poni\u017cszego formularza:\" \/>\n<meta property=\"og:url\" content=\"https:\/\/www.przyjemnedlaoka.pl\/index.php\/kontakt\/\" \/>\n<meta property=\"og:site_name\" content=\"Fotografia reklamowa przyjemna dla oka\" \/>\n<meta property=\"article:modified_time\" content=\"2026-01-08T15:57:38+00:00\" \/>\n<meta property=\"og:image\" content=\"https:\/\/www.przyjemnedlaoka.pl\/wp-content\/uploads\/2026\/01\/pdo-styczen-017-1024x683.jpg\" \/>\n<meta name=\"twitter:card\" content=\"summary_large_image\" \/>\n<meta name=\"twitter:label1\" content=\"Szacowany czas czytania\" \/>\n\t<meta name=\"twitter:data1\" content=\"1 minuta\" \/>\n<script type=\"application\/ld+json\" class=\"yoast-schema-graph\">{\"@context\":\"https:\/\/schema.org\",\"@graph\":[{\"@type\":\"WebPage\",\"@id\":\"https:\/\/www.przyjemnedlaoka.pl\/index.php\/kontakt\/\",\"url\":\"https:\/\/www.przyjemnedlaoka.pl\/index.php\/kontakt\/\",\"name\":\"Kontakt - Fotografia reklamowa przyjemna dla oka\",\"isPartOf\":{\"@id\":\"https:\/\/www.przyjemnedlaoka.pl\/#website\"},\"datePublished\":\"2020-12-01T14:54:25+00:00\",\"dateModified\":\"2026-01-08T15:57:38+00:00\",\"breadcrumb\":{\"@id\":\"https:\/\/www.przyjemnedlaoka.pl\/index.php\/kontakt\/#breadcrumb\"},\"inLanguage\":\"pl-PL\",\"potentialAction\":[{\"@type\":\"ReadAction\",\"target\":[\"https:\/\/www.przyjemnedlaoka.pl\/index.php\/kontakt\/\"]}]},{\"@type\":\"BreadcrumbList\",\"@id\":\"https:\/\/www.przyjemnedlaoka.pl\/index.php\/kontakt\/#breadcrumb\",\"itemListElement\":[{\"@type\":\"ListItem\",\"position\":1,\"name\":\"Strona g\u0142\u00f3wna\",\"item\":\"https:\/\/www.przyjemnedlaoka.pl\/\"},{\"@type\":\"ListItem\",\"position\":2,\"name\":\"Kontakt\"}]},{\"@type\":\"WebSite\",\"@id\":\"https:\/\/www.przyjemnedlaoka.pl\/#website\",\"url\":\"https:\/\/www.przyjemnedlaoka.pl\/\",\"name\":\"Fotografia reklamowa przyjemna dla oka\",\"description\":\"Zdj\u0119cia, kt&oacute;re sprzedaj\u0105. Kreatywna fotografia produktowa. Fotografia reklamowa Krak&oacute;w. \",\"publisher\":{\"@id\":\"https:\/\/www.przyjemnedlaoka.pl\/#organization\"},\"potentialAction\":[{\"@type\":\"SearchAction\",\"target\":{\"@type\":\"EntryPoint\",\"urlTemplate\":\"https:\/\/www.przyjemnedlaoka.pl\/?s={search_term_string}\"},\"query-input\":\"required name=search_term_string\"}],\"inLanguage\":\"pl-PL\"},{\"@type\":\"Organization\",\"@id\":\"https:\/\/www.przyjemnedlaoka.pl\/#organization\",\"name\":\"Przyjemne dla oka\",\"url\":\"https:\/\/www.przyjemnedlaoka.pl\/\",\"logo\":{\"@type\":\"ImageObject\",\"inLanguage\":\"pl-PL\",\"@id\":\"https:\/\/www.przyjemnedlaoka.pl\/#\/schema\/logo\/image\/\",\"url\":\"https:\/\/www.przyjemnedlaoka.pl\/wp-content\/uploads\/2020\/12\/PRZYJEMNE-DLA-OKA-LOGO.jpg\",\"contentUrl\":\"https:\/\/www.przyjemnedlaoka.pl\/wp-content\/uploads\/2020\/12\/PRZYJEMNE-DLA-OKA-LOGO.jpg\",\"width\":556,\"height\":370,\"caption\":\"Przyjemne dla oka\"},\"image\":{\"@id\":\"https:\/\/www.przyjemnedlaoka.pl\/#\/schema\/logo\/image\/\"}}]}<\/script>\n<!-- \/ Yoast SEO plugin. -->","yoast_head_json":{"title":"Kontakt - Fotografia reklamowa przyjemna dla oka","robots":{"index":"index","follow":"follow","max-snippet":"max-snippet:-1","max-image-preview":"max-image-preview:large","max-video-preview":"max-video-preview:-1"},"canonical":"https:\/\/www.przyjemnedlaoka.pl\/index.php\/kontakt\/","og_locale":"pl_PL","og_type":"article","og_title":"Kontakt - Fotografia reklamowa przyjemna dla oka","og_description":"Skontaktuj si\u0119 z nami za po\u015brednictwem poni\u017cszego formularza:","og_url":"https:\/\/www.przyjemnedlaoka.pl\/index.php\/kontakt\/","og_site_name":"Fotografia reklamowa przyjemna dla oka","article_modified_time":"2026-01-08T15:57:38+00:00","og_image":[{"url":"https:\/\/www.przyjemnedlaoka.pl\/wp-content\/uploads\/2026\/01\/pdo-styczen-017-1024x683.jpg"}],"twitter_card":"summary_large_image","twitter_misc":{"Szacowany czas czytania":"1 minuta"},"schema":{"@context":"https:\/\/schema.org","@graph":[{"@type":"WebPage","@id":"https:\/\/www.przyjemnedlaoka.pl\/index.php\/kontakt\/","url":"https:\/\/www.przyjemnedlaoka.pl\/index.php\/kontakt\/","name":"Kontakt - Fotografia reklamowa przyjemna dla oka","isPartOf":{"@id":"https:\/\/www.przyjemnedlaoka.pl\/#website"},"datePublished":"2020-12-01T14:54:25+00:00","dateModified":"2026-01-08T15:57:38+00:00","breadcrumb":{"@id":"https:\/\/www.przyjemnedlaoka.pl\/index.php\/kontakt\/#breadcrumb"},"inLanguage":"pl-PL","potentialAction":[{"@type":"ReadAction","target":["https:\/\/www.przyjemnedlaoka.pl\/index.php\/kontakt\/"]}]},{"@type":"BreadcrumbList","@id":"https:\/\/www.przyjemnedlaoka.pl\/index.php\/kontakt\/#breadcrumb","itemListElement":[{"@type":"ListItem","position":1,"name":"Strona g\u0142\u00f3wna","item":"https:\/\/www.przyjemnedlaoka.pl\/"},{"@type":"ListItem","position":2,"name":"Kontakt"}]},{"@type":"WebSite","@id":"https:\/\/www.przyjemnedlaoka.pl\/#website","url":"https:\/\/www.przyjemnedlaoka.pl\/","name":"Fotografia reklamowa przyjemna dla oka","description":"Zdj\u0119cia, kt&oacute;re sprzedaj\u0105. Kreatywna fotografia produktowa. Fotografia reklamowa Krak&oacute;w. ","publisher":{"@id":"https:\/\/www.przyjemnedlaoka.pl\/#organization"},"potentialAction":[{"@type":"SearchAction","target":{"@type":"EntryPoint","urlTemplate":"https:\/\/www.przyjemnedlaoka.pl\/?s={search_term_string}"},"query-input":"required name=search_term_string"}],"inLanguage":"pl-PL"},{"@type":"Organization","@id":"https:\/\/www.przyjemnedlaoka.pl\/#organization","name":"Przyjemne dla oka","url":"https:\/\/www.przyjemnedlaoka.pl\/","logo":{"@type":"ImageObject","inLanguage":"pl-PL","@id":"https:\/\/www.przyjemnedlaoka.pl\/#\/schema\/logo\/image\/","url":"https:\/\/www.przyjemnedlaoka.pl\/wp-content\/uploads\/2020\/12\/PRZYJEMNE-DLA-OKA-LOGO.jpg","contentUrl":"https:\/\/www.przyjemnedlaoka.pl\/wp-content\/uploads\/2020\/12\/PRZYJEMNE-DLA-OKA-LOGO.jpg","width":556,"height":370,"caption":"Przyjemne dla oka"},"image":{"@id":"https:\/\/www.przyjemnedlaoka.pl\/#\/schema\/logo\/image\/"}}]}},"_links":{"self":[{"href":"https:\/\/www.przyjemnedlaoka.pl\/index.php\/wp-json\/wp\/v2\/pages\/21","targetHints":{"allow":["GET"]}}],"collection":[{"href":"https:\/\/www.przyjemnedlaoka.pl\/index.php\/wp-json\/wp\/v2\/pages"}],"about":[{"href":"https:\/\/www.przyjemnedlaoka.pl\/index.php\/wp-json\/wp\/v2\/types\/page"}],"author":[{"embeddable":true,"href":"https:\/\/www.przyjemnedlaoka.pl\/index.php\/wp-json\/wp\/v2\/users\/1"}],"replies":[{"embeddable":true,"href":"https:\/\/www.przyjemnedlaoka.pl\/index.php\/wp-json\/wp\/v2\/comments?post=21"}],"version-history":[{"count":6,"href":"https:\/\/www.przyjemnedlaoka.pl\/index.php\/wp-json\/wp\/v2\/pages\/21\/revisions"}],"predecessor-version":[{"id":1703,"href":"https:\/\/www.przyjemnedlaoka.pl\/index.php\/wp-json\/wp\/v2\/pages\/21\/revisions\/1703"}],"wp:attachment":[{"href":"https:\/\/www.przyjemnedlaoka.pl\/index.php\/wp-json\/wp\/v2\/media?parent=21"}],"curies":[{"name":"wp","href":"https:\/\/api.w.org\/{rel}","templated":true}]}}