{"id":3,"date":"2020-12-01T13:51:18","date_gmt":"2020-12-01T13:51:18","guid":{"rendered":"https:\/\/www.przyjemnedlaoka.pl\/?page_id=3"},"modified":"2026-01-23T11:00:27","modified_gmt":"2026-01-23T11:00:27","slug":"privacy-policy","status":"publish","type":"page","link":"https:\/\/www.przyjemnedlaoka.pl\/index.php\/privacy-policy\/","title":{"rendered":"Privacy Policy"},"content":{"rendered":"\n<h2 class=\"wp-block-heading\"><\/h2>\n\n\n\n<h2 class=\"wp-block-heading\"><\/h2>\n\n\n\n<p>Administratorem Pani\/Pana danych osobowych jest firma Adrianna So\u0142tys Fotografia NIP 6783194689 z siedzib\u0105 w Krakowie, zwana dalej Administratorem.<\/p>\n\n\n\n<p>Administrator prowadzi operacje przetwarzania Pani\/Pana danych osobowych.<\/p>\n\n\n\n<p>Inspektor Danych Osobowych nie zosta\u0142 u Administratora wyznaczony.<\/p>\n\n\n\n<p>Pani\/Pana dane osobowe przetwarzane b\u0119d\u0105 w nast\u0119puj\u0105cych celach:<\/p>\n\n\n\n<ul class=\"wp-block-list\">\n<li>Wykonania umowy na podstawie zawartej umowy o \u015bwiadczenie us\u0142ug (podstawa z art. 6 ust. 1 lit. b RODO);<\/li>\n\n\n\n<li>archiwalnych (dowodowych) dla zabezpieczenia informacji na wypadek prawnej potrzeby wykazania fakt\u00f3w, co jest prawnie uzasadnionym interesem (podstawa z art. 6 ust. 1 lit. f RODO);<\/li>\n\n\n\n<li>w celu ewentualnego ustalenia, dochodzenia lub obrony przed roszczeniami, co jest prawnie uzasadnionym interesem (podstawa z art. 6 ust. 1 lit. f RODO) i nie b\u0119d\u0105 udost\u0119pniane innym odbiorcom a udost\u0119pnione b\u0119d\u0105 tylko upowa\u017cnionym odbiorcom (np. Bank, ksi\u0119gowo\u015b\u0107, podwykonawcy, firma informatyczna) (art. 6 ust. 1 pkt. c RODO)<\/li>\n<\/ul>\n\n\n\n<p>Kategorie Pani\/Pana danych jakie mog\u0105 by\u0107 przetwarzane:<\/p>\n\n\n\n<ul class=\"wp-block-list\">\n<li>Dane identyfikacyjne osob\u0119 na przyk\u0142ad: imi\u0119, nazwisko, e-mail, telefon, dane firmy.<\/li>\n<\/ul>\n\n\n\n<p>Podanie danych jest dobrowolne, jednak\u017ce ich niepodanie b\u0119dzie skutkowa\u0142o niemo\u017cno\u015bci\u0105 wykonania us\u0142ugi, zawarcia umowy czy te\u017c wykonania dzie\u0142a przez Administratora.<\/p>\n\n\n\n<p>Pana\/Pani dane osobowe b\u0119d\u0105 przechowywane przez okres obowi\u0105zywania umowy oraz przez okres przedawnienia roszcze\u0144 ustalonych w odr\u0119bnych przepisach.<\/p>\n\n\n\n<p>Posiada Pani\/Pan prawo do:<\/p>\n\n\n\n<ul class=\"wp-block-list\">\n<li>bycia informowanym o przetwarzaniu danych osobowych a tak\u017ce otrzymania ich kopii (art. 12 RODO);\u00a0<\/li>\n\n\n\n<li>dost\u0119pu do swoich danych osobowych (15 RODO);<\/li>\n\n\n\n<li>poprawiania, uzupe\u0142niania, uaktualniania, sprostowania danych osobowych (16 RODO);<\/li>\n\n\n\n<li>usuni\u0119cia danych (prawo do bycia zapomnianym) (art. 17 RODO);<\/li>\n\n\n\n<li>ograniczenia przetwarzania, o kt\u00f3rym mowa w (art. 18 RODO);<\/li>\n\n\n\n<li>wniesienia sprzeciwu od przetwarzania danych osobowych, (art. 21 RODO);<\/li>\n\n\n\n<li>wniesienia skargi do organu nadzorczego (tj. do Prezesa Urz\u0119du Ochrony Danych Osobowych) (art. 77 RODO).<\/li>\n<\/ul>\n\n\n\n<p>Pani\/Pana dane osobowe nie podlegaj\u0105 zautomatyzowanemu podejmowaniu decyzji, w tym profilowaniu oraz nie b\u0119d\u0105 przekazywane do pa\u0144stw trzecich.<\/p>\n\n\n\n<p>Pani\/Pana dane osobowe b\u0119d\u0105 przechowywane przez Administratora. Wszelkie pytania i o\u015bwiadczenia zwi\u0105zane z RODO powinny by\u0107 kierowane na adres info@przyjemnedlaoka.pl<\/p>\n\n\n\n<p><strong>Jakie dane osobowe zbieramy i dlaczego je zbieramy<\/strong><\/p>\n\n\n\n<p><strong>Komentarze<\/strong><\/p>\n\n\n\n<p>Gdy odwiedzaj\u0105cy zostawiaj\u0105 komentarze na stronie, zbieramy dane widoczne w formularzu komentarza, a tak\u017ce adres IP odwiedzaj\u0105cego oraz ci\u0105g identyfikuj\u0105cy przegl\u0105dark\u0119 u\u017cytkownika (user agent), aby pom\u00f3c w wykrywaniu spamu.<\/p>\n\n\n\n<p><strong>Pliki cookies<\/strong><\/p>\n\n\n\n<p>Strona korzysta z plik\u00f3w cookies. U\u017cytkownik mo\u017ce zarz\u0105dza\u0107 nimi w ustawieniach przegl\u0105darki.\u00a0<\/p>\n\n\n\n<p>Je\u015bli zostawisz komentarz na naszej stronie, mo\u017cesz wyrazi\u0107 zgod\u0119 na zapisanie swojego imienia, adresu e-mail oraz strony internetowej w plikach cookies. S\u0105 one zapisywane dla Twojej wygody, aby\u015b nie musia\u0142 ponownie wype\u0142nia\u0107 tych danych przy dodawaniu kolejnych komentarzy. Te pliki cookies b\u0119d\u0105 przechowywane przez rok.<\/p>\n\n\n\n<p>Je\u015bli odwiedzisz nasz\u0105 stron\u0119 logowania, ustawimy tymczasowy plik cookie w celu sprawdzenia, czy Twoja przegl\u0105darka akceptuje pliki cookies. Ten plik cookie nie zawiera \u017cadnych danych osobowych i jest usuwany po zamkni\u0119ciu przegl\u0105darki.<\/p>\n\n\n\n<p>Po zalogowaniu ustawimy r\u00f3wnie\u017c kilka plik\u00f3w cookies w celu zapisania informacji o logowaniu oraz preferencji dotycz\u0105cych wy\u015bwietlania ekranu. Pliki cookies logowania s\u0105 przechowywane przez dwa dni, a pliki cookies opcji ekranu przez rok. Je\u015bli zaznaczysz opcj\u0119 \u201ePami\u0119taj mnie\u201d, Twoje logowanie b\u0119dzie aktywne przez dwa tygodnie. Po wylogowaniu si\u0119 z konta pliki cookies logowania zostan\u0105 usuni\u0119te.<\/p>\n\n\n\n<p><strong>Osadzone tre\u015bci z innych stron internetowych<\/strong><\/p>\n\n\n\n<p>Artyku\u0142y na tej stronie mog\u0105 zawiera\u0107 osadzone tre\u015bci (np. filmy, obrazy, artyku\u0142y itp.). Osadzone tre\u015bci z innych stron internetowych zachowuj\u0105 si\u0119 dok\u0142adnie tak samo, jakby odwiedzaj\u0105cy bezpo\u015brednio odwiedzi\u0142 dan\u0105 stron\u0119.<\/p>\n\n\n\n<p>Te strony internetowe mog\u0105 zbiera\u0107 dane na Tw\u00f3j temat, u\u017cywa\u0107 plik\u00f3w cookies, osadza\u0107 dodatkowe mechanizmy \u015bledzenia stron trzecich oraz monitorowa\u0107 Twoje interakcje z osadzonymi tre\u015bciami, w tym \u015bledzi\u0107 Twoje interakcje, je\u015bli posiadasz konto i jeste\u015b zalogowany na tej stronie.<\/p>\n\n\n\n<p><\/p>\n\n\n\n<p><\/p>\n\n\n\n<h2 class=\"wp-block-heading\"><\/h2>\n","protected":false},"excerpt":{"rendered":"<p>Administratorem Pani\/Pana danych osobowych jest firma Adrianna So\u0142tys Fotografia NIP 6783194689 z siedzib\u0105 w Krakowie, zwana dalej Administratorem. Administrator prowadzi operacje przetwarzania Pani\/Pana danych osobowych. Inspektor Danych Osobowych nie zosta\u0142 u Administratora wyznaczony. Pani\/Pana dane osobowe przetwarzane b\u0119d\u0105 w nast\u0119puj\u0105cych celach: Kategorie Pani\/Pana danych jakie mog\u0105 by\u0107 przetwarzane: Podanie danych jest dobrowolne, jednak\u017ce ich niepodanie b\u0119dzie skutkowa\u0142o niemo\u017cno\u015bci\u0105 wykonania us\u0142ugi, zawarcia umowy czy te\u017c wykonania dzie\u0142a przez Administratora. Pana\/Pani dane osobowe b\u0119d\u0105 przechowywane przez okres obowi\u0105zywania umowy oraz przez okres przedawnienia roszcze\u0144 ustalonych w odr\u0119bnych przepisach. Posiada Pani\/Pan prawo do: Pani\/Pana dane osobowe nie podlegaj\u0105 zautomatyzowanemu podejmowaniu decyzji, w tym<\/p>\n","protected":false},"author":1,"featured_media":0,"parent":0,"menu_order":0,"comment_status":"closed","ping_status":"open","template":"","meta":{"_exactmetrics_skip_tracking":false,"_exactmetrics_sitenote_active":false,"_exactmetrics_sitenote_note":"","_exactmetrics_sitenote_category":0,"_vp_format_video_url":"","_vp_image_focal_point":[],"footnotes":""},"class_list":["post-3","page","type-page","status-publish","hentry"],"yoast_head":"<!-- This site is optimized with the Yoast SEO plugin v20.1 - https:\/\/yoast.com\/wordpress\/plugins\/seo\/ -->\n<title>Privacy Policy - Fotografia reklamowa przyjemna dla oka<\/title>\n<meta name=\"robots\" content=\"index, follow, max-snippet:-1, max-image-preview:large, max-video-preview:-1\" \/>\n<link rel=\"canonical\" href=\"https:\/\/www.przyjemnedlaoka.pl\/index.php\/privacy-policy\/\" \/>\n<meta property=\"og:locale\" content=\"pl_PL\" \/>\n<meta property=\"og:type\" content=\"article\" \/>\n<meta property=\"og:title\" content=\"Privacy Policy - Fotografia reklamowa przyjemna dla oka\" \/>\n<meta property=\"og:description\" content=\"Administratorem Pani\/Pana danych osobowych jest firma Adrianna So\u0142tys Fotografia NIP 6783194689 z siedzib\u0105 w Krakowie, zwana dalej Administratorem. Administrator prowadzi operacje przetwarzania Pani\/Pana danych osobowych. Inspektor Danych Osobowych nie zosta\u0142 u Administratora wyznaczony. Pani\/Pana dane osobowe przetwarzane b\u0119d\u0105 w nast\u0119puj\u0105cych celach: Kategorie Pani\/Pana danych jakie mog\u0105 by\u0107 przetwarzane: Podanie danych jest dobrowolne, jednak\u017ce ich niepodanie b\u0119dzie skutkowa\u0142o niemo\u017cno\u015bci\u0105 wykonania us\u0142ugi, zawarcia umowy czy te\u017c wykonania dzie\u0142a przez Administratora. Pana\/Pani dane osobowe b\u0119d\u0105 przechowywane przez okres obowi\u0105zywania umowy oraz przez okres przedawnienia roszcze\u0144 ustalonych w odr\u0119bnych przepisach. Posiada Pani\/Pan prawo do: Pani\/Pana dane osobowe nie podlegaj\u0105 zautomatyzowanemu podejmowaniu decyzji, w tym\" \/>\n<meta property=\"og:url\" content=\"https:\/\/www.przyjemnedlaoka.pl\/index.php\/privacy-policy\/\" \/>\n<meta property=\"og:site_name\" content=\"Fotografia reklamowa przyjemna dla oka\" \/>\n<meta property=\"article:modified_time\" content=\"2026-01-23T11:00:27+00:00\" \/>\n<meta name=\"twitter:card\" content=\"summary_large_image\" \/>\n<meta name=\"twitter:label1\" content=\"Szacowany czas czytania\" \/>\n\t<meta name=\"twitter:data1\" content=\"4 minuty\" \/>\n<script type=\"application\/ld+json\" class=\"yoast-schema-graph\">{\"@context\":\"https:\/\/schema.org\",\"@graph\":[{\"@type\":\"WebPage\",\"@id\":\"https:\/\/www.przyjemnedlaoka.pl\/index.php\/privacy-policy\/\",\"url\":\"https:\/\/www.przyjemnedlaoka.pl\/index.php\/privacy-policy\/\",\"name\":\"Privacy Policy - Fotografia reklamowa przyjemna dla oka\",\"isPartOf\":{\"@id\":\"https:\/\/www.przyjemnedlaoka.pl\/#website\"},\"datePublished\":\"2020-12-01T13:51:18+00:00\",\"dateModified\":\"2026-01-23T11:00:27+00:00\",\"breadcrumb\":{\"@id\":\"https:\/\/www.przyjemnedlaoka.pl\/index.php\/privacy-policy\/#breadcrumb\"},\"inLanguage\":\"pl-PL\",\"potentialAction\":[{\"@type\":\"ReadAction\",\"target\":[\"https:\/\/www.przyjemnedlaoka.pl\/index.php\/privacy-policy\/\"]}]},{\"@type\":\"BreadcrumbList\",\"@id\":\"https:\/\/www.przyjemnedlaoka.pl\/index.php\/privacy-policy\/#breadcrumb\",\"itemListElement\":[{\"@type\":\"ListItem\",\"position\":1,\"name\":\"Strona g\u0142\u00f3wna\",\"item\":\"https:\/\/www.przyjemnedlaoka.pl\/\"},{\"@type\":\"ListItem\",\"position\":2,\"name\":\"Privacy Policy\"}]},{\"@type\":\"WebSite\",\"@id\":\"https:\/\/www.przyjemnedlaoka.pl\/#website\",\"url\":\"https:\/\/www.przyjemnedlaoka.pl\/\",\"name\":\"Fotografia reklamowa przyjemna dla oka\",\"description\":\"Zdj\u0119cia, kt&oacute;re sprzedaj\u0105. Kreatywna fotografia produktowa. Fotografia reklamowa Krak&oacute;w. \",\"publisher\":{\"@id\":\"https:\/\/www.przyjemnedlaoka.pl\/#organization\"},\"potentialAction\":[{\"@type\":\"SearchAction\",\"target\":{\"@type\":\"EntryPoint\",\"urlTemplate\":\"https:\/\/www.przyjemnedlaoka.pl\/?s={search_term_string}\"},\"query-input\":\"required name=search_term_string\"}],\"inLanguage\":\"pl-PL\"},{\"@type\":\"Organization\",\"@id\":\"https:\/\/www.przyjemnedlaoka.pl\/#organization\",\"name\":\"Przyjemne dla oka\",\"url\":\"https:\/\/www.przyjemnedlaoka.pl\/\",\"logo\":{\"@type\":\"ImageObject\",\"inLanguage\":\"pl-PL\",\"@id\":\"https:\/\/www.przyjemnedlaoka.pl\/#\/schema\/logo\/image\/\",\"url\":\"https:\/\/www.przyjemnedlaoka.pl\/wp-content\/uploads\/2020\/12\/PRZYJEMNE-DLA-OKA-LOGO.jpg\",\"contentUrl\":\"https:\/\/www.przyjemnedlaoka.pl\/wp-content\/uploads\/2020\/12\/PRZYJEMNE-DLA-OKA-LOGO.jpg\",\"width\":556,\"height\":370,\"caption\":\"Przyjemne dla oka\"},\"image\":{\"@id\":\"https:\/\/www.przyjemnedlaoka.pl\/#\/schema\/logo\/image\/\"}}]}<\/script>\n<!-- \/ Yoast SEO plugin. -->","yoast_head_json":{"title":"Privacy Policy - Fotografia reklamowa przyjemna dla oka","robots":{"index":"index","follow":"follow","max-snippet":"max-snippet:-1","max-image-preview":"max-image-preview:large","max-video-preview":"max-video-preview:-1"},"canonical":"https:\/\/www.przyjemnedlaoka.pl\/index.php\/privacy-policy\/","og_locale":"pl_PL","og_type":"article","og_title":"Privacy Policy - Fotografia reklamowa przyjemna dla oka","og_description":"Administratorem Pani\/Pana danych osobowych jest firma Adrianna So\u0142tys Fotografia NIP 6783194689 z siedzib\u0105 w Krakowie, zwana dalej Administratorem. Administrator prowadzi operacje przetwarzania Pani\/Pana danych osobowych. Inspektor Danych Osobowych nie zosta\u0142 u Administratora wyznaczony. Pani\/Pana dane osobowe przetwarzane b\u0119d\u0105 w nast\u0119puj\u0105cych celach: Kategorie Pani\/Pana danych jakie mog\u0105 by\u0107 przetwarzane: Podanie danych jest dobrowolne, jednak\u017ce ich niepodanie b\u0119dzie skutkowa\u0142o niemo\u017cno\u015bci\u0105 wykonania us\u0142ugi, zawarcia umowy czy te\u017c wykonania dzie\u0142a przez Administratora. Pana\/Pani dane osobowe b\u0119d\u0105 przechowywane przez okres obowi\u0105zywania umowy oraz przez okres przedawnienia roszcze\u0144 ustalonych w odr\u0119bnych przepisach. Posiada Pani\/Pan prawo do: Pani\/Pana dane osobowe nie podlegaj\u0105 zautomatyzowanemu podejmowaniu decyzji, w tym","og_url":"https:\/\/www.przyjemnedlaoka.pl\/index.php\/privacy-policy\/","og_site_name":"Fotografia reklamowa przyjemna dla oka","article_modified_time":"2026-01-23T11:00:27+00:00","twitter_card":"summary_large_image","twitter_misc":{"Szacowany czas czytania":"4 minuty"},"schema":{"@context":"https:\/\/schema.org","@graph":[{"@type":"WebPage","@id":"https:\/\/www.przyjemnedlaoka.pl\/index.php\/privacy-policy\/","url":"https:\/\/www.przyjemnedlaoka.pl\/index.php\/privacy-policy\/","name":"Privacy Policy - Fotografia reklamowa przyjemna dla oka","isPartOf":{"@id":"https:\/\/www.przyjemnedlaoka.pl\/#website"},"datePublished":"2020-12-01T13:51:18+00:00","dateModified":"2026-01-23T11:00:27+00:00","breadcrumb":{"@id":"https:\/\/www.przyjemnedlaoka.pl\/index.php\/privacy-policy\/#breadcrumb"},"inLanguage":"pl-PL","potentialAction":[{"@type":"ReadAction","target":["https:\/\/www.przyjemnedlaoka.pl\/index.php\/privacy-policy\/"]}]},{"@type":"BreadcrumbList","@id":"https:\/\/www.przyjemnedlaoka.pl\/index.php\/privacy-policy\/#breadcrumb","itemListElement":[{"@type":"ListItem","position":1,"name":"Strona g\u0142\u00f3wna","item":"https:\/\/www.przyjemnedlaoka.pl\/"},{"@type":"ListItem","position":2,"name":"Privacy Policy"}]},{"@type":"WebSite","@id":"https:\/\/www.przyjemnedlaoka.pl\/#website","url":"https:\/\/www.przyjemnedlaoka.pl\/","name":"Fotografia reklamowa przyjemna dla oka","description":"Zdj\u0119cia, kt&oacute;re sprzedaj\u0105. Kreatywna fotografia produktowa. Fotografia reklamowa Krak&oacute;w. ","publisher":{"@id":"https:\/\/www.przyjemnedlaoka.pl\/#organization"},"potentialAction":[{"@type":"SearchAction","target":{"@type":"EntryPoint","urlTemplate":"https:\/\/www.przyjemnedlaoka.pl\/?s={search_term_string}"},"query-input":"required name=search_term_string"}],"inLanguage":"pl-PL"},{"@type":"Organization","@id":"https:\/\/www.przyjemnedlaoka.pl\/#organization","name":"Przyjemne dla oka","url":"https:\/\/www.przyjemnedlaoka.pl\/","logo":{"@type":"ImageObject","inLanguage":"pl-PL","@id":"https:\/\/www.przyjemnedlaoka.pl\/#\/schema\/logo\/image\/","url":"https:\/\/www.przyjemnedlaoka.pl\/wp-content\/uploads\/2020\/12\/PRZYJEMNE-DLA-OKA-LOGO.jpg","contentUrl":"https:\/\/www.przyjemnedlaoka.pl\/wp-content\/uploads\/2020\/12\/PRZYJEMNE-DLA-OKA-LOGO.jpg","width":556,"height":370,"caption":"Przyjemne dla oka"},"image":{"@id":"https:\/\/www.przyjemnedlaoka.pl\/#\/schema\/logo\/image\/"}}]}},"_links":{"self":[{"href":"https:\/\/www.przyjemnedlaoka.pl\/index.php\/wp-json\/wp\/v2\/pages\/3","targetHints":{"allow":["GET"]}}],"collection":[{"href":"https:\/\/www.przyjemnedlaoka.pl\/index.php\/wp-json\/wp\/v2\/pages"}],"about":[{"href":"https:\/\/www.przyjemnedlaoka.pl\/index.php\/wp-json\/wp\/v2\/types\/page"}],"author":[{"embeddable":true,"href":"https:\/\/www.przyjemnedlaoka.pl\/index.php\/wp-json\/wp\/v2\/users\/1"}],"replies":[{"embeddable":true,"href":"https:\/\/www.przyjemnedlaoka.pl\/index.php\/wp-json\/wp\/v2\/comments?post=3"}],"version-history":[{"count":1,"href":"https:\/\/www.przyjemnedlaoka.pl\/index.php\/wp-json\/wp\/v2\/pages\/3\/revisions"}],"predecessor-version":[{"id":1711,"href":"https:\/\/www.przyjemnedlaoka.pl\/index.php\/wp-json\/wp\/v2\/pages\/3\/revisions\/1711"}],"wp:attachment":[{"href":"https:\/\/www.przyjemnedlaoka.pl\/index.php\/wp-json\/wp\/v2\/media?parent=3"}],"curies":[{"name":"wp","href":"https:\/\/api.w.org\/{rel}","templated":true}]}}